{"id":570,"date":"2019-12-06T17:52:17","date_gmt":"2019-12-06T17:52:17","guid":{"rendered":"https:\/\/amte.org.mx\/video\/cuenta-de-membresia\/pago-de-membresia\/"},"modified":"2019-12-06T17:52:17","modified_gmt":"2019-12-06T17:52:17","slug":"pago-de-membresia","status":"publish","type":"page","link":"https:\/\/amte.org.mx\/video\/cuenta-de-membresia\/pago-de-membresia\/","title":{"rendered":"Pago de membres\u00eda"},"content":{"rendered":"<p>[pmpro_checkout]<\/p>\n","protected":false},"excerpt":{"rendered":"<p>[pmpro_checkout]<\/p>\n","protected":false},"author":4,"featured_media":0,"parent":567,"menu_order":0,"comment_status":"closed","ping_status":"closed","template":"","meta":{"pmpro_default_level":"","footnotes":""},"class_list":["post-570","page","type-page","status-publish","hentry","pmpro-has-access"],"jetpack_sharing_enabled":true,"jetpack_shortlink":"https:\/\/wp.me\/P9kE2w-9c","jetpack-related-posts":[{"id":568,"url":"https:\/\/amte.org.mx\/video\/cuenta-de-membresia\/facturacion-de-membresia\/","url_meta":{"origin":570,"position":0},"title":"Facturaci\u00f3n de membres\u00eda","author":"Marcela Hern\u00e1ndez","date":"diciembre 6, 2019","format":false,"excerpt":"[pmpro_billing]","rel":"","context":"Entrada similar","block_context":{"text":"Entrada similar","link":""},"img":{"alt_text":"","src":"","width":0,"height":0},"classes":[]},{"id":569,"url":"https:\/\/amte.org.mx\/video\/cuenta-de-membresia\/cancelacion-de-membresia\/","url_meta":{"origin":570,"position":1},"title":"Cancelaci\u00f3n de membres\u00eda","author":"Marcela Hern\u00e1ndez","date":"diciembre 6, 2019","format":false,"excerpt":"[pmpro_cancel]","rel":"","context":"Entrada similar","block_context":{"text":"Entrada similar","link":""},"img":{"alt_text":"","src":"","width":0,"height":0},"classes":[]},{"id":571,"url":"https:\/\/amte.org.mx\/video\/cuenta-de-membresia\/confirmacion-de-membresia\/","url_meta":{"origin":570,"position":2},"title":"Confirmaci\u00f3n de membres\u00eda","author":"Marcela Hern\u00e1ndez","date":"diciembre 6, 2019","format":false,"excerpt":"[pmpro_confirmation]","rel":"","context":"Entrada similar","block_context":{"text":"Entrada similar","link":""},"img":{"alt_text":"","src":"","width":0,"height":0},"classes":[]},{"id":572,"url":"https:\/\/amte.org.mx\/video\/cuenta-de-membresia\/factura-de-membresia\/","url_meta":{"origin":570,"position":3},"title":"Factura de membres\u00eda","author":"Marcela Hern\u00e1ndez","date":"diciembre 6, 2019","format":false,"excerpt":"[pmpro_invoice]","rel":"","context":"Entrada similar","block_context":{"text":"Entrada similar","link":""},"img":{"alt_text":"","src":"","width":0,"height":0},"classes":[]},{"id":567,"url":"https:\/\/amte.org.mx\/video\/cuenta-de-membresia\/","url_meta":{"origin":570,"position":4},"title":"Cuenta de membres\u00eda","author":"Marcela Hern\u00e1ndez","date":"diciembre 6, 2019","format":false,"excerpt":"","rel":"","context":"Entrada similar","block_context":{"text":"Entrada similar","link":""},"img":{"alt_text":"","src":"","width":0,"height":0},"classes":[]},{"id":573,"url":"https:\/\/amte.org.mx\/video\/cuenta-de-membresia\/tipos-de-suscripcion\/","url_meta":{"origin":570,"position":5},"title":"Memoria online 2019","author":"Marcela Hern\u00e1ndez","date":"diciembre 6, 2019","format":false,"excerpt":"La Asociaci\u00f3n Mexicana de Trabajo en Equipo suma y hace Equipo en estos momentos de cuarentena sanitaria\u00a0 para que contin\u00faes capacit\u00e1ndote. Ponemos a tu disposici\u00f3n por 30 d\u00edas el acceso gratuito a nuestro acervo\u00a0de casos pr\u00e1cticos en formato video. Te invitamos para conocerlos y compartir. Disfruta este material de referencia.\u2026","rel":"","context":"Entrada similar","block_context":{"text":"Entrada similar","link":""},"img":{"alt_text":"","src":"","width":0,"height":0},"classes":[]}],"_links":{"self":[{"href":"https:\/\/amte.org.mx\/video\/wp-json\/wp\/v2\/pages\/570","targetHints":{"allow":["GET"]}}],"collection":[{"href":"https:\/\/amte.org.mx\/video\/wp-json\/wp\/v2\/pages"}],"about":[{"href":"https:\/\/amte.org.mx\/video\/wp-json\/wp\/v2\/types\/page"}],"author":[{"embeddable":true,"href":"https:\/\/amte.org.mx\/video\/wp-json\/wp\/v2\/users\/4"}],"replies":[{"embeddable":true,"href":"https:\/\/amte.org.mx\/video\/wp-json\/wp\/v2\/comments?post=570"}],"version-history":[{"count":0,"href":"https:\/\/amte.org.mx\/video\/wp-json\/wp\/v2\/pages\/570\/revisions"}],"up":[{"embeddable":true,"href":"https:\/\/amte.org.mx\/video\/wp-json\/wp\/v2\/pages\/567"}],"wp:attachment":[{"href":"https:\/\/amte.org.mx\/video\/wp-json\/wp\/v2\/media?parent=570"}],"curies":[{"name":"wp","href":"https:\/\/api.w.org\/{rel}","templated":true}]}}