{"id":126,"date":"2019-03-19T22:06:24","date_gmt":"2019-03-19T22:06:24","guid":{"rendered":"https:\/\/amte.org.mx\/video\/?page_id=126"},"modified":"2020-01-03T20:44:39","modified_gmt":"2020-01-03T20:44:39","slug":"bienvenido-a-amte-on-demand","status":"publish","type":"page","link":"https:\/\/amte.org.mx\/video\/bienvenido-a-amte-on-demand\/","title":{"rendered":"Bienvenido a AMTE On demand"},"content":{"rendered":"\n<p class=\"has-text-align-center has-large-font-size\"><strong>La \u00fanica plataforma con casos de \u00e9xito de Calidad y Mejora Continua en espa\u00f1ol. <\/strong><\/p>\n\n\n\n<p class=\"has-text-align-center has-large-font-size\"> Te invitamos a conocer y estudiar este acervo t\u00e9cnico de alto nivel y conocimiento compartido que sin duda te guiar\u00e1 en el desarrollo de la Filosof\u00eda de Trabajo en Equipo en tu organizaci\u00f3n y de carrera profesional.<\/p>\n\n\n\n<hr class=\"wp-block-separator\"\/>\n\n\n\n<h2 class=\"wp-block-heading\"><strong>Elige la Categor\u00eda de tu inter\u00e9s <\/strong><\/h2>\n\n\n\n<div class=\"wp-block-columns is-layout-flex wp-container-core-columns-is-layout-9d6595d7 wp-block-columns-is-layout-flex\">\n<div class=\"wp-block-column is-layout-flow wp-block-column-is-layout-flow\">\n<figure class=\"wp-block-image size-large\"><img loading=\"lazy\" decoding=\"async\" width=\"300\" height=\"300\" src=\"https:\/\/amte.org.mx\/video\/wp-content\/uploads\/2019\/12\/WhatsApp-Image-2019-12-17-at-11.00.58.jpeg\" alt=\"\" class=\"wp-image-986\" srcset=\"https:\/\/amte.org.mx\/video\/wp-content\/uploads\/2019\/12\/WhatsApp-Image-2019-12-17-at-11.00.58.jpeg 300w, https:\/\/amte.org.mx\/video\/wp-content\/uploads\/2019\/12\/WhatsApp-Image-2019-12-17-at-11.00.58-150x150.jpeg 150w\" sizes=\"auto, (max-width: 300px) 100vw, 300px\" \/><\/figure>\n<\/div>\n\n\n\n<div class=\"wp-block-column is-layout-flow wp-block-column-is-layout-flow\">\n<figure class=\"wp-block-image size-large\"><a href=\"https:\/\/amte.org.mx\/video\/category\/metodologia\/grupos-de-trabajo\/\"><img loading=\"lazy\" decoding=\"async\" width=\"300\" height=\"300\" src=\"https:\/\/amte.org.mx\/video\/wp-content\/uploads\/2019\/12\/WhatsApp-Image-2019-12-17-at-11.14.13.jpeg\" alt=\"\" class=\"wp-image-988\" srcset=\"https:\/\/amte.org.mx\/video\/wp-content\/uploads\/2019\/12\/WhatsApp-Image-2019-12-17-at-11.14.13.jpeg 300w, https:\/\/amte.org.mx\/video\/wp-content\/uploads\/2019\/12\/WhatsApp-Image-2019-12-17-at-11.14.13-150x150.jpeg 150w\" sizes=\"auto, (max-width: 300px) 100vw, 300px\" \/><\/a><\/figure>\n<\/div>\n\n\n\n<div class=\"wp-block-column is-layout-flow wp-block-column-is-layout-flow\">\n<figure class=\"wp-block-image size-large\"><a href=\"https:\/\/amte.org.mx\/video\/category\/metodologia\/emete\/\"><img loading=\"lazy\" decoding=\"async\" width=\"300\" height=\"300\" src=\"https:\/\/amte.org.mx\/video\/wp-content\/uploads\/2019\/12\/WhatsApp-Image-2019-12-17-at-11.17.12.jpeg\" alt=\"\" class=\"wp-image-989\" srcset=\"https:\/\/amte.org.mx\/video\/wp-content\/uploads\/2019\/12\/WhatsApp-Image-2019-12-17-at-11.17.12.jpeg 300w, https:\/\/amte.org.mx\/video\/wp-content\/uploads\/2019\/12\/WhatsApp-Image-2019-12-17-at-11.17.12-150x150.jpeg 150w\" sizes=\"auto, (max-width: 300px) 100vw, 300px\" \/><\/a><\/figure>\n<\/div>\n\n\n\n<div class=\"wp-block-column is-layout-flow wp-block-column-is-layout-flow\">\n<figure class=\"wp-block-image size-large\"><a href=\"https:\/\/amte.org.mx\/video\/category\/metodologia\/short-kaizen\/\"><img loading=\"lazy\" decoding=\"async\" width=\"300\" height=\"300\" src=\"https:\/\/amte.org.mx\/video\/wp-content\/uploads\/2019\/12\/WhatsApp-Image-2019-12-17-at-11.22.06.jpeg\" alt=\"\" class=\"wp-image-992\" srcset=\"https:\/\/amte.org.mx\/video\/wp-content\/uploads\/2019\/12\/WhatsApp-Image-2019-12-17-at-11.22.06.jpeg 300w, https:\/\/amte.org.mx\/video\/wp-content\/uploads\/2019\/12\/WhatsApp-Image-2019-12-17-at-11.22.06-150x150.jpeg 150w\" sizes=\"auto, (max-width: 300px) 100vw, 300px\" \/><\/a><\/figure>\n<\/div>\n\n\n\n<div class=\"wp-block-column is-layout-flow wp-block-column-is-layout-flow\">\n<figure class=\"wp-block-image size-large\"><a href=\"https:\/\/amte.org.mx\/video\/category\/conferencia\/\"><img loading=\"lazy\" decoding=\"async\" width=\"300\" height=\"300\" src=\"https:\/\/amte.org.mx\/video\/wp-content\/uploads\/2020\/01\/WhatsApp-Image-2020-01-03-at-11.26.09-1.jpeg\" alt=\"\" class=\"wp-image-1026\" srcset=\"https:\/\/amte.org.mx\/video\/wp-content\/uploads\/2020\/01\/WhatsApp-Image-2020-01-03-at-11.26.09-1.jpeg 300w, https:\/\/amte.org.mx\/video\/wp-content\/uploads\/2020\/01\/WhatsApp-Image-2020-01-03-at-11.26.09-1-150x150.jpeg 150w\" sizes=\"auto, (max-width: 300px) 100vw, 300px\" \/><\/a><\/figure>\n<\/div>\n<\/div>\n\n\n\n<h2 class=\"wp-block-heading\"><strong>B\u00fasqueda especializada<\/strong><\/h2>\n\n\n<form role=\"search\" method=\"get\" action=\"https:\/\/amte.org.mx\/video\/\" class=\"wp-block-search__button-outside wp-block-search__text-button wp-block-search\"    ><label class=\"wp-block-search__label\" for=\"wp-block-search__input-1\" >Buscar<\/label><div class=\"wp-block-search__inside-wrapper\" ><input class=\"wp-block-search__input\" id=\"wp-block-search__input-1\" placeholder=\"\" value=\"\" type=\"search\" name=\"s\" required \/><button aria-label=\"Buscar\" class=\"wp-block-search__button wp-element-button\" type=\"submit\" >Buscar<\/button><\/div><\/form>\n\n\n<hr class=\"wp-block-separator\"\/>\n\n\n\n<h2 class=\"wp-block-heading\"><strong>Mira uno de nuestro casos<\/strong><\/h2>\n\n\n\n<div class=\"wp-block-columns is-layout-flex wp-container-core-columns-is-layout-9d6595d7 wp-block-columns-is-layout-flex\">\n<div class=\"wp-block-column is-layout-flow wp-block-column-is-layout-flow\">\n<figure class=\"wp-block-embed-vimeo wp-block-embed is-type-video is-provider-vimeo wp-embed-aspect-16-9 wp-has-aspect-ratio\"><div class=\"wp-block-embed__wrapper\">\nhttps:\/\/vimeo.com\/378618321\n<\/div><\/figure>\n<\/div>\n\n\n\n<div class=\"wp-block-column is-layout-flow wp-block-column-is-layout-flow\">\n<h2 class=\"has-text-align-center wp-block-heading\"><strong>Consulta Nuestros Planes<\/strong><\/h2>\n\n\n\n<p class=\"has-text-align-center has-larger-font-size\"><a href=\"https:\/\/amte.org.mx\/video\/cuenta-de-membresia\/tipos-de-suscripcion\/\">Ver planes<\/a><\/p>\n<\/div>\n<\/div>\n","protected":false},"excerpt":{"rendered":"<p>La \u00fanica plataforma con casos de \u00e9xito de Calidad y Mejora Continua en espa\u00f1ol. Te invitamos a conocer y estudiar este acervo t\u00e9cnico de alto nivel y conocimiento compartido que sin duda te guiar\u00e1 en el desarrollo de la Filosof\u00eda de Trabajo en Equipo en tu organizaci\u00f3n y de carrera &hellip;<\/p>\n","protected":false},"author":1,"featured_media":0,"parent":0,"menu_order":0,"comment_status":"closed","ping_status":"closed","template":"","meta":{"pmpro_default_level":"","footnotes":""},"class_list":["post-126","page","type-page","status-publish","hentry","pmpro-has-access"],"jetpack_sharing_enabled":true,"jetpack_shortlink":"https:\/\/wp.me\/P9kE2w-22","jetpack-related-posts":[{"id":573,"url":"https:\/\/amte.org.mx\/video\/cuenta-de-membresia\/tipos-de-suscripcion\/","url_meta":{"origin":126,"position":0},"title":"Memoria online 2019","author":"Marcela Hern\u00e1ndez","date":"diciembre 6, 2019","format":false,"excerpt":"La Asociaci\u00f3n Mexicana de Trabajo en Equipo suma y hace Equipo en estos momentos de cuarentena sanitaria\u00a0 para que contin\u00faes capacit\u00e1ndote. Ponemos a tu disposici\u00f3n por 30 d\u00edas el acceso gratuito a nuestro acervo\u00a0de casos pr\u00e1cticos en formato video. Te invitamos para conocerlos y compartir. Disfruta este material de referencia.\u2026","rel":"","context":"Entrada similar","block_context":{"text":"Entrada similar","link":""},"img":{"alt_text":"","src":"","width":0,"height":0},"classes":[]},{"id":1028,"url":"https:\/\/amte.org.mx\/video\/casos-de-exito-sin-costo\/","url_meta":{"origin":126,"position":1},"title":"Casos de \u00e9xito sin costo","author":"Marcela Hern\u00e1ndez","date":"enero 3, 2020","format":false,"excerpt":"Para nosotros el aprendizaje no tiene l\u00edmites as\u00ed que te compartimos los siguientes casos de \u00e9xito sin costo Casos de \u00e9xito de Calidad y Mejora Continua en V\u00eddeo Casos de \u00e9xito de Calidad y Mejora Continua en PDF AHMSADescarga este caso Aisin Descarga este caso DensoDescarga este caso Ayuntamiento MeridaDescarga\u2026","rel":"","context":"Entrada similar","block_context":{"text":"Entrada similar","link":""},"img":{"alt_text":"","src":"","width":0,"height":0},"classes":[]},{"id":27,"url":"https:\/\/amte.org.mx\/video\/membership-join\/","url_meta":{"origin":126,"position":2},"title":"Convi\u00e9rtete en Miembro","author":"admin","date":"septiembre 5, 2017","format":false,"excerpt":"Mira los casos de \u00e9xito de empresas l\u00edderes en su sector en materia de Calidad y Mejora Continua. Para convertir en miembro deber\u00e1s: Paso 1: Registrarte como miembro y Paso 2: Realizar el pago de acceso a los casos de \u00e9xito. Paso 1. Reg\u00edstrate en nuestra plataforma y s\u00e9 parte\u2026","rel":"","context":"Entrada similar","block_context":{"text":"Entrada similar","link":""},"img":{"alt_text":"","src":"","width":0,"height":0},"classes":[]},{"id":29,"url":"https:\/\/amte.org.mx\/video\/membership-login\/","url_meta":{"origin":126,"position":3},"title":"Acceso de miembro","author":"admin","date":"septiembre 5, 2017","format":false,"excerpt":"Por favor, ingresa tu usuario y contrase\u00f1a para tener acceso a la plataforma [swpm_login_form]","rel":"","context":"Entrada similar","block_context":{"text":"Entrada similar","link":""},"img":{"alt_text":"","src":"","width":0,"height":0},"classes":[]},{"id":1074,"url":"https:\/\/amte.org.mx\/video\/casos-de-exito-2018\/","url_meta":{"origin":126,"position":4},"title":"Casos de \u00c9xito 2018","author":"Marcela Hern\u00e1ndez","date":"marzo 24, 2020","format":false,"excerpt":"En el a\u00f1o 2018 llevamos a cabo el 29 Foro Nacional de Equipos de Mejora. Te invitamos a ver los Casos de \u00c9xito de este a\u00f1o haciendo clic en el siguiente enlace en YouTube: Ver Casos de \u00e9xito 2018","rel":"","context":"Entrada similar","block_context":{"text":"Entrada similar","link":""},"img":{"alt_text":"","src":"","width":0,"height":0},"classes":[]},{"id":551,"url":"https:\/\/amte.org.mx\/video\/recibimos-tu-pago\/","url_meta":{"origin":126,"position":5},"title":"Recibimos tu pago","author":"Marcela Hern\u00e1ndez","date":"diciembre 4, 2019","format":false,"excerpt":"","rel":"","context":"Entrada similar","block_context":{"text":"Entrada similar","link":""},"img":{"alt_text":"","src":"","width":0,"height":0},"classes":[]}],"_links":{"self":[{"href":"https:\/\/amte.org.mx\/video\/wp-json\/wp\/v2\/pages\/126","targetHints":{"allow":["GET"]}}],"collection":[{"href":"https:\/\/amte.org.mx\/video\/wp-json\/wp\/v2\/pages"}],"about":[{"href":"https:\/\/amte.org.mx\/video\/wp-json\/wp\/v2\/types\/page"}],"author":[{"embeddable":true,"href":"https:\/\/amte.org.mx\/video\/wp-json\/wp\/v2\/users\/1"}],"replies":[{"embeddable":true,"href":"https:\/\/amte.org.mx\/video\/wp-json\/wp\/v2\/comments?post=126"}],"version-history":[{"count":20,"href":"https:\/\/amte.org.mx\/video\/wp-json\/wp\/v2\/pages\/126\/revisions"}],"predecessor-version":[{"id":1027,"href":"https:\/\/amte.org.mx\/video\/wp-json\/wp\/v2\/pages\/126\/revisions\/1027"}],"wp:attachment":[{"href":"https:\/\/amte.org.mx\/video\/wp-json\/wp\/v2\/media?parent=126"}],"curies":[{"name":"wp","href":"https:\/\/api.w.org\/{rel}","templated":true}]}}