{"id":1074,"date":"2020-03-24T01:08:14","date_gmt":"2020-03-24T01:08:14","guid":{"rendered":"https:\/\/amte.org.mx\/video\/?page_id=1074"},"modified":"2020-03-24T01:08:17","modified_gmt":"2020-03-24T01:08:17","slug":"casos-de-exito-2018","status":"publish","type":"page","link":"https:\/\/amte.org.mx\/video\/casos-de-exito-2018\/","title":{"rendered":"Casos de \u00c9xito 2018"},"content":{"rendered":"<p>En el a\u00f1o 2018 llevamos a cabo el 29 Foro Nacional de Equipos de Mejora. Te invitamos a ver los Casos de \u00c9xito de este a\u00f1o haciendo clic en el siguiente enlace en YouTube: Ver Casos de \u00e9xito 2018&#8230; <\/p>\n<div class=\"pmpro\">\n<div class=\"pmpro_card pmpro_content_message\">\n<div class=\"pmpro_card_content\">Este contenido es s\u00f3lo para miembros de Memor\u00eda online .<br \/><a href=\"https:\/\/amte.org.mx\/video\/wp-login.php?action=register\">Registrar<\/a><\/div>\n<div class=\"pmpro_card_actions pmpro_font-medium\">\u00bfYa eres miembro? <a href=\"https:\/\/amte.org.mx\/video\/wp-login.php?redirect_to=https%3A%2F%2Famte.org.mx%2Fvideo%2Fcasos-de-exito-2018%2F\">Accede aqu\u00ed<\/a><\/div>\n<\/div>\n<\/div>\n","protected":false},"excerpt":{"rendered":"<p>En el a\u00f1o 2018 llevamos a cabo el 29 Foro Nacional de Equipos de Mejora. Te invitamos a ver los Casos de \u00c9xito de este a\u00f1o haciendo clic en el siguiente enlace en YouTube: Ver Casos de \u00e9xito 2018... <\/p>\n<div class=\"pmpro\"><div class=\"pmpro_card pmpro_content_message\"><div class=\"pmpro_card_content\">Este contenido es s\u00f3lo para miembros de Memor\u00eda online .<br \/><a href=\"https:\/\/amte.org.mx\/video\/wp-login.php?action=register\">Registrar<\/a><\/div><div class=\"pmpro_card_actions pmpro_font-medium\">\u00bfYa eres miembro? <a href=\"https:\/\/amte.org.mx\/video\/wp-login.php?redirect_to=https%3A%2F%2Famte.org.mx%2Fvideo%2Fcasos-de-exito-2018%2F\">Accede aqu\u00ed<\/a><\/div><\/div><\/div>","protected":false},"author":4,"featured_media":0,"parent":0,"menu_order":0,"comment_status":"closed","ping_status":"closed","template":"","meta":{"pmpro_default_level":"","footnotes":""},"class_list":["post-1074","page","type-page","status-publish","hentry","pmpro-level-required","pmpro-level-1","pmpro-no-access"],"jetpack_sharing_enabled":true,"jetpack_shortlink":"https:\/\/wp.me\/P9kE2w-hk","jetpack-related-posts":[{"id":1028,"url":"https:\/\/amte.org.mx\/video\/casos-de-exito-sin-costo\/","url_meta":{"origin":1074,"position":0},"title":"Casos de \u00e9xito sin costo","author":"Marcela Hern\u00e1ndez","date":"enero 3, 2020","format":false,"excerpt":"Para nosotros el aprendizaje no tiene l\u00edmites as\u00ed que te compartimos los siguientes casos de \u00e9xito sin costo Casos de \u00e9xito de Calidad y Mejora Continua en V\u00eddeo Casos de \u00e9xito de Calidad y Mejora Continua en PDF AHMSADescarga este caso Aisin Descarga este caso DensoDescarga este caso Ayuntamiento MeridaDescarga\u2026","rel":"","context":"Entrada similar","block_context":{"text":"Entrada similar","link":""},"img":{"alt_text":"","src":"","width":0,"height":0},"classes":[]},{"id":126,"url":"https:\/\/amte.org.mx\/video\/bienvenido-a-amte-on-demand\/","url_meta":{"origin":1074,"position":1},"title":"Bienvenido a AMTE On demand","author":"admin","date":"marzo 19, 2019","format":false,"excerpt":"La \u00fanica plataforma con casos de \u00e9xito de Calidad y Mejora Continua en espa\u00f1ol. Te invitamos a conocer y estudiar este acervo t\u00e9cnico de alto nivel y conocimiento compartido que sin duda te guiar\u00e1 en el desarrollo de la Filosof\u00eda de Trabajo en Equipo en tu organizaci\u00f3n y de carrera\u2026","rel":"","context":"Entrada similar","block_context":{"text":"Entrada similar","link":""},"img":{"alt_text":"","src":"https:\/\/i0.wp.com\/amte.org.mx\/video\/wp-content\/uploads\/2019\/12\/WhatsApp-Image-2019-12-17-at-11.00.58.jpeg?resize=350%2C200&ssl=1","width":350,"height":200},"classes":[]},{"id":27,"url":"https:\/\/amte.org.mx\/video\/membership-join\/","url_meta":{"origin":1074,"position":2},"title":"Convi\u00e9rtete en Miembro","author":"admin","date":"septiembre 5, 2017","format":false,"excerpt":"Mira los casos de \u00e9xito de empresas l\u00edderes en su sector en materia de Calidad y Mejora Continua. Para convertir en miembro deber\u00e1s: Paso 1: Registrarte como miembro y Paso 2: Realizar el pago de acceso a los casos de \u00e9xito. Paso 1. Reg\u00edstrate en nuestra plataforma y s\u00e9 parte\u2026","rel":"","context":"Entrada similar","block_context":{"text":"Entrada similar","link":""},"img":{"alt_text":"","src":"","width":0,"height":0},"classes":[]},{"id":566,"url":"https:\/\/amte.org.mx\/video\/casos-de-exito\/","url_meta":{"origin":1074,"position":3},"title":"Casos de \u00e9xito","author":"Marcela Hern\u00e1ndez","date":"diciembre 6, 2019","format":false,"excerpt":"","rel":"","context":"Entrada similar","block_context":{"text":"Entrada similar","link":""},"img":{"alt_text":"","src":"","width":0,"height":0},"classes":[]},{"id":573,"url":"https:\/\/amte.org.mx\/video\/cuenta-de-membresia\/tipos-de-suscripcion\/","url_meta":{"origin":1074,"position":4},"title":"Memoria online 2019","author":"Marcela Hern\u00e1ndez","date":"diciembre 6, 2019","format":false,"excerpt":"La Asociaci\u00f3n Mexicana de Trabajo en Equipo suma y hace Equipo en estos momentos de cuarentena sanitaria\u00a0 para que contin\u00faes capacit\u00e1ndote. Ponemos a tu disposici\u00f3n por 30 d\u00edas el acceso gratuito a nuestro acervo\u00a0de casos pr\u00e1cticos en formato video. Te invitamos para conocerlos y compartir. Disfruta este material de referencia.\u2026","rel":"","context":"Entrada similar","block_context":{"text":"Entrada similar","link":""},"img":{"alt_text":"","src":"","width":0,"height":0},"classes":[]},{"id":576,"url":"https:\/\/amte.org.mx\/video\/become-a-teacher\/","url_meta":{"origin":1074,"position":5},"title":"Publica tu caso de \u00e9xito con nosotros","author":"Marcela Hern\u00e1ndez","date":"diciembre 6, 2019","format":false,"excerpt":"","rel":"","context":"Entrada similar","block_context":{"text":"Entrada similar","link":""},"img":{"alt_text":"","src":"","width":0,"height":0},"classes":[]}],"_links":{"self":[{"href":"https:\/\/amte.org.mx\/video\/wp-json\/wp\/v2\/pages\/1074","targetHints":{"allow":["GET"]}}],"collection":[{"href":"https:\/\/amte.org.mx\/video\/wp-json\/wp\/v2\/pages"}],"about":[{"href":"https:\/\/amte.org.mx\/video\/wp-json\/wp\/v2\/types\/page"}],"author":[{"embeddable":true,"href":"https:\/\/amte.org.mx\/video\/wp-json\/wp\/v2\/users\/4"}],"replies":[{"embeddable":true,"href":"https:\/\/amte.org.mx\/video\/wp-json\/wp\/v2\/comments?post=1074"}],"version-history":[{"count":2,"href":"https:\/\/amte.org.mx\/video\/wp-json\/wp\/v2\/pages\/1074\/revisions"}],"predecessor-version":[{"id":1076,"href":"https:\/\/amte.org.mx\/video\/wp-json\/wp\/v2\/pages\/1074\/revisions\/1076"}],"wp:attachment":[{"href":"https:\/\/amte.org.mx\/video\/wp-json\/wp\/v2\/media?parent=1074"}],"curies":[{"name":"wp","href":"https:\/\/api.w.org\/{rel}","templated":true}]}}